{"id":152,"date":"2020-11-09T20:57:43","date_gmt":"2020-11-09T20:57:43","guid":{"rendered":"https:\/\/fvchurwalden.ch\/?page_id=152"},"modified":"2021-10-26T19:19:43","modified_gmt":"2021-10-26T19:19:43","slug":"vereinsleben","status":"publish","type":"page","link":"https:\/\/fvchurwalden.ch\/?page_id=152","title":{"rendered":"Vereinsleben"},"content":{"rendered":"\n<p>Gerne m\u00f6chten wir dir den Frauenverein Churwalden\/Parpan etwas n\u00e4her vorstellen.<\/p>\n\n\n\n<p>Der Verein, gegr\u00fcndet 1928, ist politisch unabh\u00e4ngig und konfessionell neutral. Wir sind Mitglied des SGF (Schweizerischer Dachverband Gemeinn\u00fctziger Frauen) sowie kantonal vernetzt.<\/p>\n\n\n\n<p>Mit unseren ca. 150 Mitgliedfrauen pflegen wir ein lockeres Vereinsleben. Es ist uns ein Bed\u00fcrfnis, Solidarit\u00e4t zwischen Menschen zu zeigen und die gemeinn\u00fctzige T\u00e4tigkeit auf freiwilliger Basis zu f\u00f6rdern.<br>Das bedeutet auch, dass wir verschiedene Aktionen durchf\u00fchren, um Geld zu \u201esammeln\u201c.<br>Vor allem das Sommernachtsfest vom 31.7. und der Nationalfeiertag vom 1.8. in Parpan ist durch Salat- und Kuchenverkauf eine gute Einnahmem\u00f6glichkeit geworden. Bei solchen oder \u00e4hnlichen Unternehmungen sind wir nat\u00fcrlich sehr froh, wenn unsere Mitglieder z.b. Salate beisteuern oder Kuchen backen. Auch an anderen Anl\u00e4sen wie dem Badifest oder dem Herbstfest verkaufen wir gerne  Kaffe und Kuchen.<\/p>\n\n\n\n<p>Durch solche und \u00e4hnliche Aktionen k\u00f6nnen wir im Durchschnitt j\u00e4hrlich ca. 1500 Fr. an von uns auserw\u00e4hlte Projekte spenden. Auch geben wir einen Teil des Mitgliederbeitrags dem Schweizerischen SGF weiter, welcher wiederum sehr aktiv und unb\u00fcrokratisch Hilfe leistet, vor allem in Familien- und Frauenprojekten.<\/p>\n\n\n\n<p>Ausserdem organisieren wir Anl\u00e4sse f\u00fcr Kinder (z.B. Gschichtlimorgen, Laternliumzug und Samiklaus) sowie einige Aktivit\u00e4ten f\u00fcr unsere in Churwalden und Parpan wohnhaften Seniorinnen und Senioren.<br>Wir organisieren einmal im Monat den Frauenkaffi und bieten f\u00fcr alle unsere Mitglieder diverse Anl\u00e4sse, sowie Kurse, Vortr\u00e4ge, Theaterbesuche oder Ausfl\u00fcge zum Selbstkostenpreis oder kostenlos an.<\/p>\n\n\n\n<p>Unsere Aktivit\u00e4ten werden jeweils per Mail angek\u00fcndigt und in der Novitats sowie an verschiedenen \u00f6ffentlichen Aush\u00e4ngen publiziert.<br>Nat\u00fcrlich sind wir auch sehr offen f\u00fcr neue Ideen und Vorschl\u00e4ge. Die j\u00fcngeren Frauen von Churwalden treffen sich regelm\u00e4ssig zum ELKI Kaffee und f\u00fchren einmal im Monat den \u00abUnter uns\u00bb Abend durch, zu welchem auch junge und \u00e4ltere Frauenvereinsmitglieder willkommen sind.<\/p>\n\n\n\n<p><br>Beim aktiven Mitmachen kann jedes Mitglied w\u00e4hlen, was und wieviel ihm zusagt. Nat\u00fcrlich sind wir froh \u00fcber Hilfe und Mitwirken bei unseren Anl\u00e4ssen, man darf jedoch einfach auch dabei sein ohne sich zu etwas verpflichtet f\u00fchlen.<br>Denkst du, dass du etwas Zeit f\u00fcr unser Wirken \u201espenden\u201c kannst? Wenn nicht, ist es auch m\u00f6glich, uns einfach mit deiner Mitgliedschaft zu unterst\u00fctzen. Wir sind f\u00fcr alles dankbar und freuen uns, wenn wir ein Feedback von dir erhalten. Wir Vorstandsfrauen sind f\u00fcr dich da, um die erste \u201eBr\u00fccke\u201c zu schlagen und dich willkommen zu heissen. Falls du dich f\u00fcr eine Mitgliedschaft anmeldest, gib uns bitte nebst Namen und Adresse auch deine Mailadresse und Natelnummer an. Besten Dank.<\/p>\n\n\n\n<p>Vielleicht hast du ja sogar Interesse und Lust im Vorstand mitzuwirken und dich noch mehr einzubringen.<\/p>\n","protected":false},"excerpt":{"rendered":"<p>Gerne m\u00f6chten wir dir den Frauenverein Churwalden\/Parpan etwas n\u00e4her vorstellen. Der Verein, gegr\u00fcndet 1928, ist politisch unabh\u00e4ngig und konfessionell neutral. Wir sind Mitglied des SGF (Schweizerischer Dachverband Gemeinn\u00fctziger Frauen) sowie kantonal vernetzt. Mit unseren ca. 150 Mitgliedfrauen pflegen wir ein lockeres Vereinsleben. Es ist uns ein Bed\u00fcrfnis, Solidarit\u00e4t zwischen Menschen zu zeigen und die gemeinn\u00fctzige [&hellip;]<\/p>\n","protected":false},"author":1,"featured_media":0,"parent":0,"menu_order":0,"comment_status":"closed","ping_status":"closed","template":"","meta":{"footnotes":""},"class_list":["post-152","page","type-page","status-publish","hentry"],"_links":{"self":[{"href":"https:\/\/fvchurwalden.ch\/index.php?rest_route=\/wp\/v2\/pages\/152","targetHints":{"allow":["GET"]}}],"collection":[{"href":"https:\/\/fvchurwalden.ch\/index.php?rest_route=\/wp\/v2\/pages"}],"about":[{"href":"https:\/\/fvchurwalden.ch\/index.php?rest_route=\/wp\/v2\/types\/page"}],"author":[{"embeddable":true,"href":"https:\/\/fvchurwalden.ch\/index.php?rest_route=\/wp\/v2\/users\/1"}],"replies":[{"embeddable":true,"href":"https:\/\/fvchurwalden.ch\/index.php?rest_route=%2Fwp%2Fv2%2Fcomments&post=152"}],"version-history":[{"count":4,"href":"https:\/\/fvchurwalden.ch\/index.php?rest_route=\/wp\/v2\/pages\/152\/revisions"}],"predecessor-version":[{"id":468,"href":"https:\/\/fvchurwalden.ch\/index.php?rest_route=\/wp\/v2\/pages\/152\/revisions\/468"}],"wp:attachment":[{"href":"https:\/\/fvchurwalden.ch\/index.php?rest_route=%2Fwp%2Fv2%2Fmedia&parent=152"}],"curies":[{"name":"wp","href":"https:\/\/api.w.org\/{rel}","templated":true}]}}